{"id":117,"date":"2020-10-22T20:58:25","date_gmt":"2020-10-22T20:58:25","guid":{"rendered":"https:\/\/sapilogistics.com\/sapilogistics\/?page_id=117"},"modified":"2020-12-08T18:02:15","modified_gmt":"2020-12-08T18:02:15","slug":"nosotros","status":"publish","type":"page","link":"https:\/\/sapilogistics.com\/sapilogistics\/nosotros\/","title":{"rendered":"Nosotros"},"content":{"rendered":"<div id='av_section_1'  class='avia-section main_color avia-section-default avia-no-border-styling  avia-bg-style-scroll  avia-builder-el-0  el_before_av_section  avia-builder-el-first   av-minimum-height av-minimum-height-custom  container_wrap sidebar_right' style='background-color: #1d75bd;  '  ><div class='container' style='height:230px'><main  role=\"main\" itemprop=\"mainContentOfPage\"  class='template-page content  av-content-small alpha units'><div class='post-entry post-entry-type-page post-entry-117'><div class='entry-content-wrapper clearfix'>\n<div class=\"flex_column av_one_full  flex_column_div av-zero-column-padding first  avia-builder-el-1  avia-builder-el-no-sibling  \" style='border-radius:0px; '><div  style='padding-bottom:10px; color:#ffffff;font-size:38px;' class='av-special-heading av-special-heading-h1 custom-color-heading blockquote modern-quote modern-centered  avia-builder-el-2  avia-builder-el-no-sibling  av-inherit-size '><div class ='av-subheading av-subheading_above av_custom_color ' style='font-size:19px;'><p>Somos una empresa de<\/p>\n<\/div><h1 class='av-special-heading-tag '  itemprop=\"headline\"  >Importaci\u00f3n \/ Exportaci\u00f3n<\/h1><div class='special-heading-border'><div class='special-heading-inner-border' style='border-color:#ffffff'><\/div><\/div><\/div><\/div>\n\n<\/div><\/div><\/main><!-- close content main element --><\/div><\/div><div id='av_section_2'  class='avia-section main_color avia-section-default avia-no-border-styling  avia-bg-style-scroll  avia-builder-el-3  el_after_av_section  avia-builder-el-last   container_wrap sidebar_right' style=' '  ><div class='container' ><div class='template-page content  av-content-small alpha units'><div class='post-entry post-entry-type-page post-entry-117'><div class='entry-content-wrapper clearfix'>\n<div class='flex_column_table av-equal-height-column-flextable -flextable' ><div class=\"flex_column av_one_half  flex_column_table_cell av-equal-height-column av-align-middle av-zero-column-padding first  avia-builder-el-4  el_before_av_one_half  avia-builder-el-first  \" style='border-radius:0px; '><p><div  style='padding-bottom:10px; ' class='av-special-heading av-special-heading-h2  blockquote modern-quote  avia-builder-el-5  el_before_av_textblock  avia-builder-el-first  '><h2 class='av-special-heading-tag '  itemprop=\"headline\"  > Establecidos en el Noreste de M\u00e9xico, en la ciudad de Monterrey.<\/h2><div class='special-heading-border'><div class='special-heading-inner-border' ><\/div><\/div><\/div><br \/>\n<section class=\"av_textblock_section \"  itemscope=\"itemscope\" itemtype=\"https:\/\/schema.org\/CreativeWork\" ><div class='avia_textblock  '   itemprop=\"text\" ><p>Tenemos como meta exportar productos naturales y de alta calidad desde M\u00e9xico. Nos aseguramos de que nuestros suministros sean capaces de cumplir con los altos est\u00e1ndares de los mercados internacionales.<\/p>\n<p>Buscamos el producto de acuerdo a las necesidades del cliente. Contamos con un servicio personalizado, para que cada unos de nuestros clientes tenga su producto con su marca, calidad y certificaciones requeridas.<\/p>\n<\/div><\/section><br \/>\n<section class=\"av_textblock_section \"  itemscope=\"itemscope\" itemtype=\"https:\/\/schema.org\/CreativeWork\" ><div class='avia_textblock  '   itemprop=\"text\" ><div class=\"\">Nuestra primera experiencia fue en el mercado de la miel vendiendo envases de miel en botellas y bidones a la Uni\u00f3n Europea. Tambi\u00e9n hemos vendido jugos concentrados a este mercado: jugo de naranja, pi\u00f1a, lim\u00f3n y maracuy\u00e1 en bidones y baldes. Tambi\u00e9n vendemos recientemente m\u00e1scaras N95 a China.<\/div>\n<div class=\"\"><\/div>\n<div class=\"\">Nos vemos como una empresa que ayuda a otras a buscar el producto que necesitan y que el mismo, cumpla con todos los requisitos en M\u00e9xico y\/o el pa\u00eds destino, sin ning\u00fan problema.<\/div>\n<div><\/div>\n<h3><\/h3>\n<\/div><\/section><\/p><\/div><div class='av-flex-placeholder'><\/div><div class=\"flex_column av_one_half  flex_column_table_cell av-equal-height-column av-align-middle av-zero-column-padding   avia-builder-el-8  el_after_av_one_half  el_before_av_one_full  \" style='border-radius:0px; '><div  class='avia-image-container  av-styling-    avia-builder-el-9  avia-builder-el-no-sibling  avia-align-center '  itemprop=\"image\" itemscope=\"itemscope\" itemtype=\"https:\/\/schema.org\/ImageObject\"  ><div class='avia-image-container-inner'><div class='avia-image-overlay-wrap'><img class='wp-image-128 avia-img-lazy-loading-not-128 avia_image' src=\"https:\/\/sapilogistics.com\/sapilogistics\/wp-content\/uploads\/2020\/10\/sapilogistics-495x400.jpg\" alt='' title='sapilogistics' height=\"400\" width=\"495\"  itemprop=\"thumbnailUrl\"  \/><\/div><\/div><\/div><\/div><\/div><!--close column table wrapper. Autoclose: 1 --><div class=\"flex_column av_one_full  flex_column_div first  avia-builder-el-10  el_after_av_one_half  avia-builder-el-last  column-top-margin\" style='padding:40px 0px 40px 0px ; border-radius:0px; '><div  style='padding-bottom:10px; font-size:29px;' class='av-special-heading av-special-heading-h3  blockquote modern-quote modern-centered  avia-builder-el-11  avia-builder-el-no-sibling  av-inherit-size '><h3 class='av-special-heading-tag '  itemprop=\"headline\"  >Contamos con m\u00e1s de <b>15 a\u00f1os de experiencia<\/b> en el proceso de<br \/>importaci\u00f3n \/ exportaci\u00f3n en la industria manufacturera y alimentaria.<\/h3><div class='special-heading-border'><div class='special-heading-inner-border' ><\/div><\/div><\/div><\/div>\n<\/div><\/div><\/div><!-- close content main div --><\/div><\/div><div id='after_section_2'  class='main_color av_default_container_wrap container_wrap sidebar_right' style=' '  ><div class='container' ><div class='template-page content  av-content-small alpha units'><div class='post-entry post-entry-type-page post-entry-117'><div class='entry-content-wrapper clearfix'>\n","protected":false},"excerpt":{"rendered":"","protected":false},"author":1,"featured_media":0,"parent":0,"menu_order":0,"comment_status":"closed","ping_status":"closed","template":"","meta":[],"_links":{"self":[{"href":"https:\/\/sapilogistics.com\/sapilogistics\/wp-json\/wp\/v2\/pages\/117"}],"collection":[{"href":"https:\/\/sapilogistics.com\/sapilogistics\/wp-json\/wp\/v2\/pages"}],"about":[{"href":"https:\/\/sapilogistics.com\/sapilogistics\/wp-json\/wp\/v2\/types\/page"}],"author":[{"embeddable":true,"href":"https:\/\/sapilogistics.com\/sapilogistics\/wp-json\/wp\/v2\/users\/1"}],"replies":[{"embeddable":true,"href":"https:\/\/sapilogistics.com\/sapilogistics\/wp-json\/wp\/v2\/comments?post=117"}],"version-history":[{"count":19,"href":"https:\/\/sapilogistics.com\/sapilogistics\/wp-json\/wp\/v2\/pages\/117\/revisions"}],"predecessor-version":[{"id":181,"href":"https:\/\/sapilogistics.com\/sapilogistics\/wp-json\/wp\/v2\/pages\/117\/revisions\/181"}],"wp:attachment":[{"href":"https:\/\/sapilogistics.com\/sapilogistics\/wp-json\/wp\/v2\/media?parent=117"}],"curies":[{"name":"wp","href":"https:\/\/api.w.org\/{rel}","templated":true}]}}